{"id":2218,"date":"2026-02-09T15:38:24","date_gmt":"2026-02-09T14:38:24","guid":{"rendered":"http:\/\/elbavip.youelba.com\/?page_id=2218"},"modified":"2026-02-10T08:31:34","modified_gmt":"2026-02-10T07:31:34","slug":"appartements","status":"publish","type":"page","link":"https:\/\/www.elbavip.it\/fr\/appartements\/","title":{"rendered":"Appartements"},"content":{"rendered":"\t\t<div data-elementor-type=\"wp-page\" data-elementor-id=\"2218\" class=\"elementor elementor-2218 elementor-2217\">\n\t\t\t\t\t\t<section class=\"elementor-section elementor-top-section elementor-element elementor-element-6e3b6ea elementor-section-height-min-height elementor-section-boxed elementor-section-height-default elementor-section-items-middle\" data-id=\"6e3b6ea\" data-element_type=\"section\" data-settings=\"{&quot;background_background&quot;:&quot;classic&quot;,&quot;hoteller_ext_is_background_parallax&quot;:&quot;true&quot;,&quot;hoteller_ext_is_background_parallax_speed&quot;:{&quot;unit&quot;:&quot;px&quot;,&quot;size&quot;:0.1,&quot;sizes&quot;:[]},&quot;hoteller_ext_is_background_backdrop&quot;:&quot;false&quot;,&quot;hoteller_ext_is_background_on_scroll&quot;:&quot;false&quot;}\">\n\t\t\t\t\t\t\t<div class=\"elementor-background-overlay\"><\/div>\n\t\t\t\t\t\t\t<div class=\"elementor-container elementor-column-gap-default\">\n\t\t\t\t\t<div class=\"elementor-column elementor-col-100 elementor-top-column elementor-element elementor-element-6bc32b8\" data-id=\"6bc32b8\" data-element_type=\"column\" data-settings=\"{&quot;hoteller_ext_link_sidemenu&quot;:&quot;false&quot;,&quot;hoteller_ext_link_fullmenu&quot;:&quot;false&quot;,&quot;hoteller_ext_link_closed_fullmenu&quot;:&quot;false&quot;,&quot;hoteller_ext_is_scrollme&quot;:&quot;false&quot;,&quot;hoteller_ext_is_smoove&quot;:&quot;false&quot;,&quot;hoteller_ext_is_parallax_mouse&quot;:&quot;false&quot;,&quot;hoteller_ext_is_infinite&quot;:&quot;false&quot;,&quot;hoteller_ext_is_fadeout_animation&quot;:&quot;false&quot;,&quot;hoteller_ext_mobile_static&quot;:&quot;false&quot;}\">\n\t\t\t<div class=\"elementor-widget-wrap elementor-element-populated\">\n\t\t\t\t\t\t<div class=\"elementor-element elementor-element-97f0892 elementor-widget elementor-widget-heading\" data-id=\"97f0892\" data-element_type=\"widget\" data-settings=\"{&quot;hoteller_ext_link_sidemenu&quot;:&quot;false&quot;,&quot;hoteller_ext_link_fullmenu&quot;:&quot;false&quot;,&quot;hoteller_ext_link_closed_fullmenu&quot;:&quot;false&quot;,&quot;hoteller_ext_is_scrollme&quot;:&quot;false&quot;,&quot;hoteller_ext_is_smoove&quot;:&quot;false&quot;,&quot;hoteller_ext_is_parallax_mouse&quot;:&quot;false&quot;,&quot;hoteller_ext_is_infinite&quot;:&quot;false&quot;,&quot;hoteller_ext_is_fadeout_animation&quot;:&quot;false&quot;,&quot;hoteller_ext_mobile_static&quot;:&quot;false&quot;}\" data-widget_type=\"heading.default\">\n\t\t\t\t<div class=\"elementor-widget-container\">\n\t\t\t\t\t<h1 class=\"elementor-heading-title elementor-size-default\">Appartements<\/h1>\t\t\t\t<\/div>\n\t\t\t\t<\/div>\n\t\t\t\t\t<\/div>\n\t\t<\/div>\n\t\t\t\t\t<\/div>\n\t\t<\/section>\n\t\t\t\t<section class=\"elementor-section elementor-top-section elementor-element elementor-element-b846d7c elementor-section-boxed elementor-section-height-default elementor-section-height-default\" data-id=\"b846d7c\" data-element_type=\"section\" data-settings=\"{&quot;hoteller_ext_is_background_parallax&quot;:&quot;false&quot;,&quot;hoteller_ext_is_background_backdrop&quot;:&quot;false&quot;,&quot;hoteller_ext_is_background_on_scroll&quot;:&quot;false&quot;}\">\n\t\t\t\t\t\t<div class=\"elementor-container elementor-column-gap-default\">\n\t\t\t\t\t<div class=\"elementor-column elementor-col-100 elementor-top-column elementor-element elementor-element-5b84dc4\" data-id=\"5b84dc4\" data-element_type=\"column\" data-settings=\"{&quot;hoteller_ext_link_sidemenu&quot;:&quot;false&quot;,&quot;hoteller_ext_link_fullmenu&quot;:&quot;false&quot;,&quot;hoteller_ext_link_closed_fullmenu&quot;:&quot;false&quot;,&quot;hoteller_ext_is_scrollme&quot;:&quot;false&quot;,&quot;hoteller_ext_is_smoove&quot;:&quot;false&quot;,&quot;hoteller_ext_is_parallax_mouse&quot;:&quot;false&quot;,&quot;hoteller_ext_is_infinite&quot;:&quot;false&quot;,&quot;hoteller_ext_is_fadeout_animation&quot;:&quot;false&quot;,&quot;hoteller_ext_mobile_static&quot;:&quot;false&quot;}\">\n\t\t\t<div class=\"elementor-widget-wrap elementor-element-populated\">\n\t\t\t\t\t\t<div class=\"elementor-element elementor-element-f7fd342 elementor-widget elementor-widget-hoteller-service-grid\" data-id=\"f7fd342\" data-element_type=\"widget\" data-settings=\"{&quot;hoteller_ext_link_sidemenu&quot;:&quot;false&quot;,&quot;hoteller_ext_link_fullmenu&quot;:&quot;false&quot;,&quot;hoteller_ext_link_closed_fullmenu&quot;:&quot;false&quot;,&quot;hoteller_ext_is_scrollme&quot;:&quot;false&quot;,&quot;hoteller_ext_is_smoove&quot;:&quot;false&quot;,&quot;hoteller_ext_is_parallax_mouse&quot;:&quot;false&quot;,&quot;hoteller_ext_is_infinite&quot;:&quot;false&quot;,&quot;hoteller_ext_is_fadeout_animation&quot;:&quot;false&quot;,&quot;hoteller_ext_mobile_static&quot;:&quot;false&quot;}\" data-widget_type=\"hoteller-service-grid.default\">\n\t\t\t\t<div class=\"elementor-widget-container\">\n\t\t\t\t\t<div class=\"service-grid-container\">\n<div class=\"service-grid-content-wrapper layout-tg_two_cols \" data-cols=\"2\" data-offset=\"-50%\">\n\t\t<div class=\"service-grid-wrapper tg_two_cols   service-1 tile scale-anm all smoove disable_tablet slide-up\" data-delay=\"150\" data-minwidth=\"769\" data-move-y=\"60px\" style=\"background-image: url('https:\/\/www.elbavip.it\/wp-content\/uploads\/2023\/09\/app_bilocale_03-2024967134-1.jpg');\">\n\t\t\t\t\t\t<a class=\"service-grid-link\" href=\"\/fr\/accommodation\/deux-pieces\/\" ><\/a>\n\t\t\t\t\t\t<div class=\"inner-wrap\">\n\t\t\t\t<div class=\"inner-wrap-border\">\n\t\t\t\t\t<div class=\"overflow-inner\">\n\t\t\t\t\t\t<div class=\"header-wrap\">\n\t\t\t\t\t\t\t\t\t\t\t\t\t\t<h2 class=\"service\">Deux pi\u00e8ces<\/h2>\n\t\t\t\t\t\t<\/div>\n\t\t\t\t\t\t<div class=\"hover-content\">\n\t\t\t\t\t\t\tAppartement deux pi\u00e8ces avec 2+2 lits\t\t\t\t\t\t<\/div>\n\t\t\t\t\t<\/div>\n\t\t\t\t<\/div>\n\t\t\t<\/div>\n\t\t<\/div>\n\t\t<div class=\"service-grid-wrapper tg_two_cols last  service-2 tile scale-anm all smoove disable_tablet slide-up\" data-delay=\"300\" data-minwidth=\"769\" data-move-y=\"60px\" style=\"background-image: url('https:\/\/www.elbavip.it\/wp-content\/uploads\/2023\/09\/app_trilocale_terra_03-3739470978.jpg');\">\n\t\t\t\t\t\t<a class=\"service-grid-link\" href=\"\/accommodation\/trilocale-piano-terra\/\" ><\/a>\n\t\t\t\t\t\t<div class=\"inner-wrap\">\n\t\t\t\t<div class=\"inner-wrap-border\">\n\t\t\t\t\t<div class=\"overflow-inner\">\n\t\t\t\t\t\t<div class=\"header-wrap\">\n\t\t\t\t\t\t\t\t\t\t\t\t\t\t<h2 class=\"service\">Trois pi\u00e8ces rez-de-chauss\u00e9e<\/h2>\n\t\t\t\t\t\t<\/div>\n\t\t\t\t\t\t<div class=\"hover-content\">\n\t\t\t\t\t\t\t<p>Appartement trois pi\u00e8ces avec 4+1 lits<\/p>\t\t\t\t\t\t<\/div>\n\t\t\t\t\t<\/div>\n\t\t\t\t<\/div>\n\t\t\t<\/div>\n\t\t<\/div>\n<br class=\"clear\"\/>\n<\/div>\n<\/div>\t\t\t\t<\/div>\n\t\t\t\t<\/div>\n\t\t\t\t\t<\/div>\n\t\t<\/div>\n\t\t\t\t\t<\/div>\n\t\t<\/section>\n\t\t\t\t<section class=\"elementor-section elementor-top-section elementor-element elementor-element-5645349 elementor-section-boxed elementor-section-height-default elementor-section-height-default\" data-id=\"5645349\" data-element_type=\"section\" data-settings=\"{&quot;hoteller_ext_is_background_parallax&quot;:&quot;false&quot;,&quot;hoteller_ext_is_background_backdrop&quot;:&quot;false&quot;,&quot;hoteller_ext_is_background_on_scroll&quot;:&quot;false&quot;}\">\n\t\t\t\t\t\t<div class=\"elementor-container elementor-column-gap-default\">\n\t\t\t\t\t<div class=\"elementor-column elementor-col-100 elementor-top-column elementor-element elementor-element-797dcf5\" data-id=\"797dcf5\" data-element_type=\"column\" data-settings=\"{&quot;hoteller_ext_link_sidemenu&quot;:&quot;false&quot;,&quot;hoteller_ext_link_fullmenu&quot;:&quot;false&quot;,&quot;hoteller_ext_link_closed_fullmenu&quot;:&quot;false&quot;,&quot;hoteller_ext_is_scrollme&quot;:&quot;false&quot;,&quot;hoteller_ext_is_smoove&quot;:&quot;false&quot;,&quot;hoteller_ext_is_parallax_mouse&quot;:&quot;false&quot;,&quot;hoteller_ext_is_infinite&quot;:&quot;false&quot;,&quot;hoteller_ext_is_fadeout_animation&quot;:&quot;false&quot;,&quot;hoteller_ext_mobile_static&quot;:&quot;false&quot;}\">\n\t\t\t<div class=\"elementor-widget-wrap elementor-element-populated\">\n\t\t\t\t\t\t<div class=\"elementor-element elementor-element-d20cde8 elementor-widget elementor-widget-hoteller-service-grid\" data-id=\"d20cde8\" data-element_type=\"widget\" data-settings=\"{&quot;hoteller_ext_link_sidemenu&quot;:&quot;false&quot;,&quot;hoteller_ext_link_fullmenu&quot;:&quot;false&quot;,&quot;hoteller_ext_link_closed_fullmenu&quot;:&quot;false&quot;,&quot;hoteller_ext_is_scrollme&quot;:&quot;false&quot;,&quot;hoteller_ext_is_smoove&quot;:&quot;false&quot;,&quot;hoteller_ext_is_parallax_mouse&quot;:&quot;false&quot;,&quot;hoteller_ext_is_infinite&quot;:&quot;false&quot;,&quot;hoteller_ext_is_fadeout_animation&quot;:&quot;false&quot;,&quot;hoteller_ext_mobile_static&quot;:&quot;false&quot;}\" data-widget_type=\"hoteller-service-grid.default\">\n\t\t\t\t<div class=\"elementor-widget-container\">\n\t\t\t\t\t<div class=\"service-grid-container\">\n<div class=\"service-grid-content-wrapper layout-tg_two_cols \" data-cols=\"2\" data-offset=\"-50%\">\n\t\t<div class=\"service-grid-wrapper tg_two_cols   service-1 tile scale-anm all smoove disable_tablet slide-up\" data-delay=\"150\" data-minwidth=\"769\" data-move-y=\"60px\" style=\"background-image: url('https:\/\/www.elbavip.it\/wp-content\/uploads\/2025\/06\/app_trilocale_primo_05-4005262904.jpg');\">\n\t\t\t\t\t\t<a class=\"service-grid-link\" href=\"\/fr\/accommodation\/trois-pieces-premier-etage\/\" ><\/a>\n\t\t\t\t\t\t<div class=\"inner-wrap\">\n\t\t\t\t<div class=\"inner-wrap-border\">\n\t\t\t\t\t<div class=\"overflow-inner\">\n\t\t\t\t\t\t<div class=\"header-wrap\">\n\t\t\t\t\t\t\t\t\t\t\t\t\t\t<h2 class=\"service\">Trois pi\u00e8ces premier \u00e9tage<\/h2>\n\t\t\t\t\t\t<\/div>\n\t\t\t\t\t\t<div class=\"hover-content\">\n\t\t\t\t\t\t\t<p>Appartement trois pi\u00e8ces avec 4+1 lits<\/p>\t\t\t\t\t\t<\/div>\n\t\t\t\t\t<\/div>\n\t\t\t\t<\/div>\n\t\t\t<\/div>\n\t\t<\/div>\n\t\t<div class=\"service-grid-wrapper tg_two_cols last  service-2 tile scale-anm all smoove disable_tablet slide-up\" data-delay=\"300\" data-minwidth=\"769\" data-move-y=\"60px\" style=\"background-image: url('https:\/\/www.elbavip.it\/wp-content\/uploads\/2025\/06\/app_quadrilocale_05-1382915775.jpg');\">\n\t\t\t\t\t\t<a class=\"service-grid-link\" href=\"\/fr\/accommodation\/quatre-pieces\/\" ><\/a>\n\t\t\t\t\t\t<div class=\"inner-wrap\">\n\t\t\t\t<div class=\"inner-wrap-border\">\n\t\t\t\t\t<div class=\"overflow-inner\">\n\t\t\t\t\t\t<div class=\"header-wrap\">\n\t\t\t\t\t\t\t\t\t\t\t\t\t\t<h2 class=\"service\">Quatre pi\u00e8ces<\/h2>\n\t\t\t\t\t\t<\/div>\n\t\t\t\t\t\t<div class=\"hover-content\">\n\t\t\t\t\t\t\t<p>Appartement quatre pi\u00e8ces avec 6+1 lits<\/p>\t\t\t\t\t\t<\/div>\n\t\t\t\t\t<\/div>\n\t\t\t\t<\/div>\n\t\t\t<\/div>\n\t\t<\/div>\n<br class=\"clear\"\/>\n<\/div>\n<\/div>\t\t\t\t<\/div>\n\t\t\t\t<\/div>\n\t\t\t\t\t<\/div>\n\t\t<\/div>\n\t\t\t\t\t<\/div>\n\t\t<\/section>\n\t\t\t\t<\/div>\n\t\t","protected":false},"excerpt":{"rendered":"<p>Appartements &nbsp; Deux pi\u00e8ces Appartement deux pi\u00e8ces avec 2+2 lits Trois pi\u00e8ces rez-de-chauss\u00e9e Appartement trois pi\u00e8ces avec 4+1 lits &nbsp; Trois pi\u00e8ces premier \u00e9tage Appartement trois pi\u00e8ces avec 4+1 lits &nbsp; Quatre pi\u00e8ces Appartement quatre pi\u00e8ces avec 6+1 lits &nbsp;<\/p>\n","protected":false},"author":1,"featured_media":0,"parent":0,"menu_order":0,"comment_status":"closed","ping_status":"closed","template":"elementor_header_footer","meta":{"footnotes":""},"class_list":["post-2218","page","type-page","status-publish","hentry"],"yoast_head":"<!-- This site is optimized with the Yoast SEO plugin v27.0 - https:\/\/yoast.com\/product\/yoast-seo-wordpress\/ -->\n<title>Appartements - CAV Elbavip<\/title>\n<meta name=\"robots\" content=\"index, follow, max-snippet:-1, max-image-preview:large, max-video-preview:-1\" \/>\n<link rel=\"canonical\" href=\"https:\/\/www.elbavip.it\/alloggi\/\" \/>\n<meta property=\"og:locale\" content=\"fr_FR\" \/>\n<meta property=\"og:type\" content=\"article\" \/>\n<meta property=\"og:title\" content=\"Appartements - CAV Elbavip\" \/>\n<meta property=\"og:description\" content=\"Appartements &nbsp; Deux pi\u00e8ces Appartement deux pi\u00e8ces avec 2+2 lits Trois pi\u00e8ces rez-de-chauss\u00e9e Appartement trois pi\u00e8ces avec 4+1 lits &nbsp; Trois pi\u00e8ces premier \u00e9tage Appartement trois pi\u00e8ces avec 4+1 lits &nbsp; Quatre pi\u00e8ces Appartement quatre pi\u00e8ces avec 6+1 lits &nbsp;\" \/>\n<meta property=\"og:url\" content=\"https:\/\/www.elbavip.it\/alloggi\/\" \/>\n<meta property=\"og:site_name\" content=\"CAV Elbavip\" \/>\n<meta property=\"article:modified_time\" content=\"2026-02-10T07:31:34+00:00\" \/>\n<meta property=\"og:image\" content=\"https:\/\/www.elbavip.it\/wp-content\/uploads\/2026\/01\/home-piscina.jpg\" \/>\n\t<meta property=\"og:image:width\" content=\"1920\" \/>\n\t<meta property=\"og:image:height\" content=\"1280\" \/>\n\t<meta property=\"og:image:type\" content=\"image\/jpeg\" \/>\n<meta name=\"twitter:card\" content=\"summary_large_image\" \/>\n<script type=\"application\/ld+json\" class=\"yoast-schema-graph\">{\"@context\":\"https:\/\/schema.org\",\"@graph\":[{\"@type\":\"WebPage\",\"@id\":\"https:\/\/www.elbavip.it\/alloggi\/\",\"url\":\"https:\/\/www.elbavip.it\/alloggi\/\",\"name\":\"Appartements - CAV Elbavip\",\"isPartOf\":{\"@id\":\"https:\/\/www.elbavip.it\/#website\"},\"datePublished\":\"2026-02-09T14:38:24+00:00\",\"dateModified\":\"2026-02-10T07:31:34+00:00\",\"breadcrumb\":{\"@id\":\"https:\/\/www.elbavip.it\/alloggi\/#breadcrumb\"},\"inLanguage\":\"fr-FR\",\"potentialAction\":[{\"@type\":\"ReadAction\",\"target\":[\"https:\/\/www.elbavip.it\/alloggi\/\"]}]},{\"@type\":\"BreadcrumbList\",\"@id\":\"https:\/\/www.elbavip.it\/alloggi\/#breadcrumb\",\"itemListElement\":[{\"@type\":\"ListItem\",\"position\":1,\"name\":\"Home\",\"item\":\"https:\/\/www.elbavip.it\/\"},{\"@type\":\"ListItem\",\"position\":2,\"name\":\"Appartements\"}]},{\"@type\":\"WebSite\",\"@id\":\"https:\/\/www.elbavip.it\/#website\",\"url\":\"https:\/\/www.elbavip.it\/\",\"name\":\"CAV Appartamenti Elbavip\",\"description\":\"Appartamenti per vacanze all&#039;Isola d&#039;Elba\",\"publisher\":{\"@id\":\"https:\/\/www.elbavip.it\/#organization\"},\"alternateName\":\"Elba Vip CAV \u00e8 un residence immerso nel verde\",\"potentialAction\":[{\"@type\":\"SearchAction\",\"target\":{\"@type\":\"EntryPoint\",\"urlTemplate\":\"https:\/\/www.elbavip.it\/?s={search_term_string}\"},\"query-input\":{\"@type\":\"PropertyValueSpecification\",\"valueRequired\":true,\"valueName\":\"search_term_string\"}}],\"inLanguage\":\"fr-FR\"},{\"@type\":\"Organization\",\"@id\":\"https:\/\/www.elbavip.it\/#organization\",\"name\":\"Elbavip\",\"alternateName\":\"Appartamenti per vacanze Elba Vip\",\"url\":\"https:\/\/www.elbavip.it\/\",\"logo\":{\"@type\":\"ImageObject\",\"inLanguage\":\"fr-FR\",\"@id\":\"https:\/\/www.elbavip.it\/#\/schema\/logo\/image\/\",\"url\":\"https:\/\/www.elbavip.it\/wp-content\/uploads\/2025\/04\/elba_vip.png\",\"contentUrl\":\"https:\/\/www.elbavip.it\/wp-content\/uploads\/2025\/04\/elba_vip.png\",\"width\":280,\"height\":156,\"caption\":\"Elbavip\"},\"image\":{\"@id\":\"https:\/\/www.elbavip.it\/#\/schema\/logo\/image\/\"}}]}<\/script>\n<!-- \/ Yoast SEO plugin. -->","yoast_head_json":{"title":"Appartements - CAV Elbavip","robots":{"index":"index","follow":"follow","max-snippet":"max-snippet:-1","max-image-preview":"max-image-preview:large","max-video-preview":"max-video-preview:-1"},"canonical":"https:\/\/www.elbavip.it\/alloggi\/","og_locale":"fr_FR","og_type":"article","og_title":"Appartements - CAV Elbavip","og_description":"Appartements &nbsp; Deux pi\u00e8ces Appartement deux pi\u00e8ces avec 2+2 lits Trois pi\u00e8ces rez-de-chauss\u00e9e Appartement trois pi\u00e8ces avec 4+1 lits &nbsp; Trois pi\u00e8ces premier \u00e9tage Appartement trois pi\u00e8ces avec 4+1 lits &nbsp; Quatre pi\u00e8ces Appartement quatre pi\u00e8ces avec 6+1 lits &nbsp;","og_url":"https:\/\/www.elbavip.it\/alloggi\/","og_site_name":"CAV Elbavip","article_modified_time":"2026-02-10T07:31:34+00:00","og_image":[{"width":1920,"height":1280,"url":"https:\/\/www.elbavip.it\/wp-content\/uploads\/2026\/01\/home-piscina.jpg","type":"image\/jpeg"}],"twitter_card":"summary_large_image","schema":{"@context":"https:\/\/schema.org","@graph":[{"@type":"WebPage","@id":"https:\/\/www.elbavip.it\/alloggi\/","url":"https:\/\/www.elbavip.it\/alloggi\/","name":"Appartements - CAV Elbavip","isPartOf":{"@id":"https:\/\/www.elbavip.it\/#website"},"datePublished":"2026-02-09T14:38:24+00:00","dateModified":"2026-02-10T07:31:34+00:00","breadcrumb":{"@id":"https:\/\/www.elbavip.it\/alloggi\/#breadcrumb"},"inLanguage":"fr-FR","potentialAction":[{"@type":"ReadAction","target":["https:\/\/www.elbavip.it\/alloggi\/"]}]},{"@type":"BreadcrumbList","@id":"https:\/\/www.elbavip.it\/alloggi\/#breadcrumb","itemListElement":[{"@type":"ListItem","position":1,"name":"Home","item":"https:\/\/www.elbavip.it\/"},{"@type":"ListItem","position":2,"name":"Appartements"}]},{"@type":"WebSite","@id":"https:\/\/www.elbavip.it\/#website","url":"https:\/\/www.elbavip.it\/","name":"CAV Appartamenti Elbavip","description":"Appartamenti per vacanze all&#039;Isola d&#039;Elba","publisher":{"@id":"https:\/\/www.elbavip.it\/#organization"},"alternateName":"Elba Vip CAV \u00e8 un residence immerso nel verde","potentialAction":[{"@type":"SearchAction","target":{"@type":"EntryPoint","urlTemplate":"https:\/\/www.elbavip.it\/?s={search_term_string}"},"query-input":{"@type":"PropertyValueSpecification","valueRequired":true,"valueName":"search_term_string"}}],"inLanguage":"fr-FR"},{"@type":"Organization","@id":"https:\/\/www.elbavip.it\/#organization","name":"Elbavip","alternateName":"Appartamenti per vacanze Elba Vip","url":"https:\/\/www.elbavip.it\/","logo":{"@type":"ImageObject","inLanguage":"fr-FR","@id":"https:\/\/www.elbavip.it\/#\/schema\/logo\/image\/","url":"https:\/\/www.elbavip.it\/wp-content\/uploads\/2025\/04\/elba_vip.png","contentUrl":"https:\/\/www.elbavip.it\/wp-content\/uploads\/2025\/04\/elba_vip.png","width":280,"height":156,"caption":"Elbavip"},"image":{"@id":"https:\/\/www.elbavip.it\/#\/schema\/logo\/image\/"}}]}},"_links":{"self":[{"href":"https:\/\/www.elbavip.it\/fr\/wp-json\/wp\/v2\/pages\/2218","targetHints":{"allow":["GET"]}}],"collection":[{"href":"https:\/\/www.elbavip.it\/fr\/wp-json\/wp\/v2\/pages"}],"about":[{"href":"https:\/\/www.elbavip.it\/fr\/wp-json\/wp\/v2\/types\/page"}],"author":[{"embeddable":true,"href":"https:\/\/www.elbavip.it\/fr\/wp-json\/wp\/v2\/users\/1"}],"replies":[{"embeddable":true,"href":"https:\/\/www.elbavip.it\/fr\/wp-json\/wp\/v2\/comments?post=2218"}],"version-history":[{"count":5,"href":"https:\/\/www.elbavip.it\/fr\/wp-json\/wp\/v2\/pages\/2218\/revisions"}],"predecessor-version":[{"id":2311,"href":"https:\/\/www.elbavip.it\/fr\/wp-json\/wp\/v2\/pages\/2218\/revisions\/2311"}],"wp:attachment":[{"href":"https:\/\/www.elbavip.it\/fr\/wp-json\/wp\/v2\/media?parent=2218"}],"curies":[{"name":"wp","href":"https:\/\/api.w.org\/{rel}","templated":true}]}}